{"id":203,"date":"2015-07-14T14:50:10","date_gmt":"2015-07-14T14:50:10","guid":{"rendered":"http:\/\/test.kriesi.at\/minimal-portfolio\/?page_id=9"},"modified":"2016-09-29T12:18:40","modified_gmt":"2016-09-29T12:18:40","slug":"roberto-lauro-home","status":"publish","type":"page","link":"https:\/\/www.lauro-art.com\/wordpress\/","title":{"rendered":"Home"},"content":{"rendered":"<\/div><\/div><\/div><!-- close content main div --><\/div><\/div><div id='full_slider_1' class='avia-fullwidth-slider main_color avia-shadow  container_wrap fullsize'   ><div  data-size='no scaling'  data-lightbox_size='large'  data-animation='fade'  data-ids='1290,1287,1285,1291,1286,1289,1288'  data-video_counter='0'  data-autoplay='true'  data-bg_slider='false'  data-slide_height=''  data-handle='av_slideshow_full'  data-interval='5'  data-class=' '  data-css_id=''  data-scroll_down=''  data-control_layout='av-control-minimal'  data-custom_markup=''  data-perma_caption=''  data-autoplay_stopper='1'  data-src=''  data-position='top left'  data-repeat='no-repeat'  data-attach='scroll'  data-stretch=''  class='avia-slideshow avia-slideshow-1  av-control-minimal av-default-height-applied avia-slideshow-no scaling av_slideshow_full   avia-fade-slider '  itemscope=\"itemscope\" itemtype=\"https:\/\/schema.org\/ImageObject\" ><ul class='avia-slideshow-inner' style='padding-bottom: 37.5%;'><li  class=' slide-1 ' ><div data-rel='slideshow-1' class='avia-slide-wrap'  ><img src='https:\/\/www.lauro-art.com\/wordpress\/wp-content\/uploads\/2016\/09\/Roberto_Lauro_OhneTitel_98x80_2001_KleineSkulpturen_Detail_Slider_1.jpg' width='1680' height='630' title='Roberto_Lauro_OhneTitel_98x80_2001_KleineSkulpturen_Detail_Slider_1' alt=''  itemprop=\"contentURL\"  \/><\/div><\/li><li  class=' slide-2 ' ><div data-rel='slideshow-1' class='avia-slide-wrap'  ><img src='https:\/\/www.lauro-art.com\/wordpress\/wp-content\/uploads\/2016\/09\/Roberto_Lauro_Ohne_Titel_2002_64x50_3_Aquarell_auf_Papier_Detail_Slider_1.jpg' width='1680' height='630' title='Roberto_Lauro_Ohne_Titel_2002_64x50_3_Aquarell_auf_Papier_Detail_Slider_1' alt=''  itemprop=\"contentURL\"  \/><\/div><\/li><li  class=' slide-3 ' ><div data-rel='slideshow-1' class='avia-slide-wrap'  ><img src='https:\/\/www.lauro-art.com\/wordpress\/wp-content\/uploads\/2016\/09\/Roberto_Lauro_Butterfly_49x52_2002_KleineSkulpturen_Detail_Slider_1.jpg' width='1680' height='630' title='Roberto_Lauro_Butterfly_49x52_2002_KleineSkulpturen_Detail_Slider_1' alt=''  itemprop=\"contentURL\"  \/><\/div><\/li><li  class=' slide-4 ' ><div data-rel='slideshow-1' class='avia-slide-wrap'  ><img src='https:\/\/www.lauro-art.com\/wordpress\/wp-content\/uploads\/2016\/09\/Roberto_Lauro_Sinfonie_70x50_2014_Siebdruck_Detail_Slider_1.jpg' width='1680' height='630' title='Roberto_Lauro_Sinfonie_70x50_2014_Siebdruck_Detail_Slider_1' alt=''  itemprop=\"contentURL\"  \/><\/div><\/li><li  class=' slide-5 ' ><div data-rel='slideshow-1' class='avia-slide-wrap'  ><img src='https:\/\/www.lauro-art.com\/wordpress\/wp-content\/uploads\/2016\/09\/Roberto_Lauro_Ohne_Titel_2_2012_56x42_Aquarell_auf_Papier_Deteil_Slider_1.jpg' width='1680' height='630' title='Roberto_Lauro_Ohne_Titel_2_2012_56x42_Aquarell_auf_Papier_Deteil_Slider_1' alt=''  itemprop=\"contentURL\"  \/><\/div><\/li><li  class=' slide-6 ' ><div data-rel='slideshow-1' class='avia-slide-wrap'  ><img src='https:\/\/www.lauro-art.com\/wordpress\/wp-content\/uploads\/2016\/09\/Roberto_Lauro_OhneTitel_25x37_2000_KleineSkulpturen_Detail_Slider_2_1.jpg' width='1680' height='630' title='Roberto_Lauro_OhneTitel_25x37_2000_KleineSkulpturen_Detail_Slider_2_1' alt=''  itemprop=\"contentURL\"  \/><\/div><\/li><li  class=' slide-7 ' ><div data-rel='slideshow-1' class='avia-slide-wrap'  ><img src='https:\/\/www.lauro-art.com\/wordpress\/wp-content\/uploads\/2016\/09\/Roberto_Lauro_Ohne_Titel_2014_64x50_Aquarell_auf_Papier_Deteil_Slider_1.jpg' width='1680' height='630' title='Roberto_Lauro_Ohne_Titel_2014_64x50_Aquarell_auf_Papier_Deteil_Slider_1' alt=''  itemprop=\"contentURL\"  \/><\/div><\/li><\/ul><div class='avia-slideshow-arrows avia-slideshow-controls'><a href='#prev' class='prev-slide' aria-hidden='true' data-av_icon='\ue87c' data-av_iconfont='entypo-fontello'>Zur\u00fcck<\/a><a href='#next' class='next-slide' aria-hidden='true' data-av_icon='\ue87d' data-av_iconfont='entypo-fontello'>Weiter<\/a><\/div><div class='avia-slideshow-dots avia-slideshow-controls'><a href='#1' class='goto-slide active' >1<\/a><a href='#2' class='goto-slide ' >2<\/a><a href='#3' class='goto-slide ' >3<\/a><a href='#4' class='goto-slide ' >4<\/a><a href='#5' class='goto-slide ' >5<\/a><a href='#6' class='goto-slide ' >6<\/a><a href='#7' class='goto-slide ' >7<\/a><\/div><\/div><\/div>\n<\/div><\/div><\/div><!-- close content main div --><\/div><\/div><div id='av_section_1' class='avia-section main_color avia-section-large avia-no-border-styling avia-bg-style-scroll  container_wrap fullsize'   ><div class='container' ><div class='template-page content  av-content-full alpha units'><div class='post-entry post-entry-type-page post-entry-203'><div class='entry-content-wrapper clearfix'>\n<div class=\"flex_column av_one_full  av-animated-generic bottom-to-top  flex_column_div av-zero-column-padding first  \" style='border-radius:0px; '><div style='padding-bottom:20px;color:#000000;font-size:40px;' class='av-special-heading av-special-heading-h1 custom-color-heading blockquote modern-quote   av-inherit-size'><h1 class='av-special-heading-tag'  itemprop=\"headline\"  >Roberto Lauro zum ver\u00e4nderbaren BIld<\/h1><div class='special-heading-border'><div class='special-heading-inner-border' style='border-color:#000000'><\/div><\/div><\/div><\/div><div class=\"flex_column av_one_half  av-animated-generic bottom-to-top  flex_column_div av-zero-column-padding first  \" style='border-radius:0px; '><p><section class=\"av_textblock_section\"  itemscope=\"itemscope\" itemtype=\"https:\/\/schema.org\/CreativeWork\" ><div class='avia_textblock '   itemprop=\"text\" ><p>Die faszinierende Begegnung mit tanzenden Lichtreflexen auf der Lebendigkeit des Wassers in meiner Jugendzeit am Meeresstrand von Jersey pr\u00e4gte meine sp\u00e4tere k\u00fcnstlerische Arbeit. Str\u00f6mungen des Wassers, vergleichbar mit fl\u00fcssigem Glas und das Wechselspiel von Farbe und Raum durch das Licht f\u00fchrte mich zum ver\u00e4nderbaren Bild.<\/p>\n<\/div><\/section><br \/>\n<section class=\"av_textblock_section\"  itemscope=\"itemscope\" itemtype=\"https:\/\/schema.org\/CreativeWork\" ><div class='avia_textblock '   itemprop=\"text\" ><p>Dem zweidimensionalen Tableaubild, das durch seine Abstraktion vom Gegenstand ein Rhythmus-u. Farbsehen wie in der Musik erm\u00f6glicht, folgten mit aufgerissenen Metallplatten Raumbilder und sp\u00e4ter dreidimensionale Skulpturen mit Glaseinschl\u00fcssen. Licht gleich Kraft, Energie, Farbe und Rhythmus ist der Grundgedanke meiner Arbeiten.<\/p>\n<\/div><\/section><br \/>\n<div style='padding-bottom:10px;' class='av-special-heading av-special-heading-h3    '><h3 class='av-special-heading-tag'  itemprop=\"headline\"  ><span class='special_amp'>&#8222;<\/span>F\u00fcr mich ist die Natur ein unverzichtbarer Lebensbezug, eine Quelle des Seins.<span class='special_amp'>&#8220;<\/span><\/h3><div class='special-heading-border'><div class='special-heading-inner-border' ><\/div><\/div><\/div><br \/>\n<section class=\"av_textblock_section\"  itemscope=\"itemscope\" itemtype=\"https:\/\/schema.org\/CreativeWork\" ><div class='avia_textblock '   itemprop=\"text\" ><p style=\"text-align: right;\">Roberto Lauro, Z\u00fcrich 2014<\/p>\n<\/div><\/section><\/p><\/div><div class=\"flex_column av_one_half  av-animated-generic bottom-to-top  flex_column_div av-zero-column-padding   \" style='border-radius:0px; '><div  class='avia-video avia-video-16-9  '  itemprop=\"video\" itemtype=\"https:\/\/schema.org\/VideoObject\" ><div class='avia-iframe-wrap'><iframe src=\"https:\/\/player.vimeo.com\/video\/177210566\" width=\"512\" height=\"288\" frameborder=\"0\" title=\"Roberto Lauro - Das ver&auml;nderbare Bild\" webkitallowfullscreen mozallowfullscreen allowfullscreen><\/iframe><\/div><\/div><\/div><div style='height:20px' class='hr hr-invisible '><span class='hr-inner ' ><span class='hr-inner-style'><\/span><\/span><\/div>\n\n","protected":false},"excerpt":{"rendered":"","protected":false},"author":1,"featured_media":0,"parent":0,"menu_order":0,"comment_status":"open","ping_status":"closed","template":"","meta":[],"_links":{"self":[{"href":"https:\/\/www.lauro-art.com\/wordpress\/wp-json\/wp\/v2\/pages\/203"}],"collection":[{"href":"https:\/\/www.lauro-art.com\/wordpress\/wp-json\/wp\/v2\/pages"}],"about":[{"href":"https:\/\/www.lauro-art.com\/wordpress\/wp-json\/wp\/v2\/types\/page"}],"author":[{"embeddable":true,"href":"https:\/\/www.lauro-art.com\/wordpress\/wp-json\/wp\/v2\/users\/1"}],"replies":[{"embeddable":true,"href":"https:\/\/www.lauro-art.com\/wordpress\/wp-json\/wp\/v2\/comments?post=203"}],"version-history":[{"count":23,"href":"https:\/\/www.lauro-art.com\/wordpress\/wp-json\/wp\/v2\/pages\/203\/revisions"}],"predecessor-version":[{"id":1293,"href":"https:\/\/www.lauro-art.com\/wordpress\/wp-json\/wp\/v2\/pages\/203\/revisions\/1293"}],"wp:attachment":[{"href":"https:\/\/www.lauro-art.com\/wordpress\/wp-json\/wp\/v2\/media?parent=203"}],"curies":[{"name":"wp","href":"https:\/\/api.w.org\/{rel}","templated":true}]}}