{"id":680,"date":"2016-07-28T10:44:57","date_gmt":"2016-07-28T10:44:57","guid":{"rendered":"http:\/\/www.lauro-art.ch\/wordpress\/?page_id=680"},"modified":"2016-09-29T15:52:33","modified_gmt":"2016-09-29T15:52:33","slug":"roberto-lauro-feuervogel","status":"publish","type":"page","link":"https:\/\/www.lauro-art.com\/wordpress\/roberto-lauro-feuervogel\/","title":{"rendered":"Feuervogel"},"content":{"rendered":"<\/div><\/div><\/div><!-- close content main div --><\/div><\/div><div id='full_slider_1' class='avia-fullwidth-slider main_color avia-shadow  container_wrap fullsize'   ><div  data-size='no scaling'  data-lightbox_size='large'  data-animation='slide'  data-ids='1310'  data-video_counter='0'  data-autoplay='true'  data-bg_slider='false'  data-slide_height=''  data-handle='av_slideshow_full'  data-interval='3'  data-class=' '  data-css_id=''  data-scroll_down=''  data-control_layout='av-control-default'  data-custom_markup=''  data-perma_caption=''  data-autoplay_stopper=''  data-src=''  data-position='top left'  data-repeat='no-repeat'  data-attach='scroll'  data-stretch=''  class='avia-slideshow avia-slideshow-1  av-control-default av-default-height-applied avia-slideshow-no scaling av_slideshow_full   avia-slide-slider '  itemscope=\"itemscope\" itemtype=\"https:\/\/schema.org\/ImageObject\" ><ul class='avia-slideshow-inner' style='padding-bottom: 25.595238095238%;'><li  class=' av-single-slide slide-1 ' ><div data-rel='slideshow-1' class='avia-slide-wrap'  ><img src='https:\/\/www.lauro-art.com\/wordpress\/wp-content\/uploads\/2016\/09\/RL_Feuervogel_9_Reigen_slider_1.jpg' width='1680' height='430' title='RL_Feuervogel_9_Reigen_slider_1' alt=''  itemprop=\"contentURL\"  \/><\/div><\/li><\/ul><\/div><\/div>\n<div class=\"flex_column av_one_half  flex_column_div av-zero-column-padding first  \" style='border-radius:0px; '><div id='av-masonry-1' class='av-masonry noHover av-flex-size av-large-gap av-hover-overlay- av-masonry-col-flexible av-caption-always av-caption-style- av-masonry-gallery  '  ><div class='av-masonry-container isotope av-js-disabled ' ><div class='av-masonry-entry isotope-item av-masonry-item-no-image '><\/div><a href=\"https:\/\/www.lauro-art.com\/wordpress\/wp-content\/uploads\/2016\/07\/00-Feuervogel-Kassette-1-1024x613.jpg\" id='av-masonry-1-item-742' data-av-masonry-item='742' class='av-masonry-entry isotope-item post-742 attachment type-attachment status-inherit hentry  av-masonry-item-with-image' title=\"\"  itemprop=\"contentURL\" ><div class='av-inner-masonry-sizer'><\/div><figure class='av-inner-masonry main_color'><div class=\"av-masonry-outerimage-container\"><div class=\"av-masonry-image-container\" style=\"background-image: url(https:\/\/www.lauro-art.com\/wordpress\/wp-content\/uploads\/2016\/07\/00-Feuervogel-Kassette-1-705x422.jpg);\"><img src=\"https:\/\/www.lauro-art.com\/wordpress\/wp-content\/uploads\/2016\/07\/00-Feuervogel-Kassette-1-705x422.jpg\" title=\"00 Feuervogel Kassette\" alt=\"\" \/><\/div><\/div><\/figure><\/a><!--end av-masonry entry--><a href=\"https:\/\/www.lauro-art.com\/wordpress\/wp-content\/uploads\/2016\/07\/0-Feuervogel-Buch-2009-1024x677.jpg\" id='av-masonry-1-item-743' data-av-masonry-item='743' class='av-masonry-entry isotope-item post-743 attachment type-attachment status-inherit hentry  av-masonry-item-with-image' title=\"\"  itemprop=\"contentURL\" ><div class='av-inner-masonry-sizer'><\/div><figure class='av-inner-masonry main_color'><div class=\"av-masonry-outerimage-container\"><div class=\"av-masonry-image-container\" style=\"background-image: url(https:\/\/www.lauro-art.com\/wordpress\/wp-content\/uploads\/2016\/07\/0-Feuervogel-Buch-2009-705x466.jpg);\"><img src=\"https:\/\/www.lauro-art.com\/wordpress\/wp-content\/uploads\/2016\/07\/0-Feuervogel-Buch-2009-705x466.jpg\" title=\"0 Feuervogel Buch 2009\" alt=\"\" \/><\/div><\/div><\/figure><\/a><!--end av-masonry entry--><a href=\"https:\/\/www.lauro-art.com\/wordpress\/wp-content\/uploads\/2016\/07\/RL_1_Feuervogel_Tanz-988x1024.jpg\" id='av-masonry-1-item-815' data-av-masonry-item='815' class='av-masonry-entry isotope-item post-815 attachment type-attachment status-inherit hentry  av-masonry-item-with-image' title=\"Tanz, 2009, 40 x 40 cm\"  itemprop=\"contentURL\" ><div class='av-inner-masonry-sizer'><\/div><figure class='av-inner-masonry main_color'><div class=\"av-masonry-outerimage-container\"><div class=\"av-masonry-image-container\" style=\"background-image: url(https:\/\/www.lauro-art.com\/wordpress\/wp-content\/uploads\/2016\/07\/RL_1_Feuervogel_Tanz-681x705.jpg);\"><img src=\"https:\/\/www.lauro-art.com\/wordpress\/wp-content\/uploads\/2016\/07\/RL_1_Feuervogel_Tanz-681x705.jpg\" title=\"RL_1_Feuervogel_Tanz\" alt=\"\" \/><\/div><\/div><\/figure><\/a><!--end av-masonry entry--><a href=\"https:\/\/www.lauro-art.com\/wordpress\/wp-content\/uploads\/2016\/07\/RL_2_Feuervogel_Pfand.jpg\" id='av-masonry-1-item-816' data-av-masonry-item='816' class='av-masonry-entry isotope-item post-816 attachment type-attachment status-inherit hentry  av-masonry-item-with-image' title=\"Dankpfand, 2009, 40 x 40 cm \"  itemprop=\"contentURL\" ><div class='av-inner-masonry-sizer'><\/div><figure class='av-inner-masonry main_color'><div class=\"av-masonry-outerimage-container\"><div class=\"av-masonry-image-container\" style=\"background-image: url(https:\/\/www.lauro-art.com\/wordpress\/wp-content\/uploads\/2016\/07\/RL_2_Feuervogel_Pfand-703x705.jpg);\"><img src=\"https:\/\/www.lauro-art.com\/wordpress\/wp-content\/uploads\/2016\/07\/RL_2_Feuervogel_Pfand-703x705.jpg\" title=\"RL_2_Feuervogel_Pfand\" alt=\"\" \/><\/div><\/div><\/figure><\/a><!--end av-masonry entry--><a href=\"https:\/\/www.lauro-art.com\/wordpress\/wp-content\/uploads\/2016\/07\/RL_3_Feuervogel_Spiel.jpg\" id='av-masonry-1-item-817' data-av-masonry-item='817' class='av-masonry-entry isotope-item post-817 attachment type-attachment status-inherit hentry  av-masonry-item-with-image' title=\"Spiel, 2009, 40 x 40 cm \"  itemprop=\"contentURL\" ><div class='av-inner-masonry-sizer'><\/div><figure class='av-inner-masonry main_color'><div class=\"av-masonry-outerimage-container\"><div class=\"av-masonry-image-container\" style=\"background-image: url(https:\/\/www.lauro-art.com\/wordpress\/wp-content\/uploads\/2016\/07\/RL_3_Feuervogel_Spiel-705x701.jpg);\"><img src=\"https:\/\/www.lauro-art.com\/wordpress\/wp-content\/uploads\/2016\/07\/RL_3_Feuervogel_Spiel-705x701.jpg\" title=\"RL_3_Feuervogel_Spiel\" alt=\"\" \/><\/div><\/div><\/figure><\/a><!--end av-masonry entry--><a href=\"https:\/\/www.lauro-art.com\/wordpress\/wp-content\/uploads\/2016\/07\/RL_4_Feuervogel_Reigen.jpg\" id='av-masonry-1-item-818' data-av-masonry-item='818' class='av-masonry-entry isotope-item post-818 attachment type-attachment status-inherit hentry  av-masonry-item-with-image' title=\"Reigen, 2009, 40 x 40 cm \"  itemprop=\"contentURL\" ><div class='av-inner-masonry-sizer'><\/div><figure class='av-inner-masonry main_color'><div class=\"av-masonry-outerimage-container\"><div class=\"av-masonry-image-container\" style=\"background-image: url(https:\/\/www.lauro-art.com\/wordpress\/wp-content\/uploads\/2016\/07\/RL_4_Feuervogel_Reigen-701x705.jpg);\"><img src=\"https:\/\/www.lauro-art.com\/wordpress\/wp-content\/uploads\/2016\/07\/RL_4_Feuervogel_Reigen-701x705.jpg\" title=\"RL_4_Feuervogel_Reigen\" alt=\"\" \/><\/div><\/div><\/figure><\/a><!--end av-masonry entry--><a href=\"https:\/\/www.lauro-art.com\/wordpress\/wp-content\/uploads\/2016\/07\/RL_5-Feuervogel-Untergang-des-maechtigen.jpg\" id='av-masonry-1-item-819' data-av-masonry-item='819' class='av-masonry-entry isotope-item post-819 attachment type-attachment status-inherit hentry  av-masonry-item-with-image' title=\"Untergang des M\u00e4chtigen, 2009, 40 x 40 cm \"  itemprop=\"contentURL\" ><div class='av-inner-masonry-sizer'><\/div><figure class='av-inner-masonry main_color'><div class=\"av-masonry-outerimage-container\"><div class=\"av-masonry-image-container\" style=\"background-image: url(https:\/\/www.lauro-art.com\/wordpress\/wp-content\/uploads\/2016\/07\/RL_5-Feuervogel-Untergang-des-maechtigen-699x705.jpg);\"><img src=\"https:\/\/www.lauro-art.com\/wordpress\/wp-content\/uploads\/2016\/07\/RL_5-Feuervogel-Untergang-des-maechtigen-699x705.jpg\" title=\"RL_5-Feuervogel-Untergang-des-maechtigen\" alt=\"\" \/><\/div><\/div><\/figure><\/a><!--end av-masonry entry--><a href=\"https:\/\/www.lauro-art.com\/wordpress\/wp-content\/uploads\/2016\/07\/RL_6_Feuervogel_Tanz..jpg\" id='av-masonry-1-item-820' data-av-masonry-item='820' class='av-masonry-entry isotope-item post-820 attachment type-attachment status-inherit hentry  av-masonry-item-with-image' title=\"Tanz des Feuervogels, 2009, 40 x 40 cm \"  itemprop=\"contentURL\" ><div class='av-inner-masonry-sizer'><\/div><figure class='av-inner-masonry main_color'><div class=\"av-masonry-outerimage-container\"><div class=\"av-masonry-image-container\" style=\"background-image: url(https:\/\/www.lauro-art.com\/wordpress\/wp-content\/uploads\/2016\/07\/RL_6_Feuervogel_Tanz.-699x705.jpg);\"><img src=\"https:\/\/www.lauro-art.com\/wordpress\/wp-content\/uploads\/2016\/07\/RL_6_Feuervogel_Tanz.-699x705.jpg\" title=\"RL_6_Feuervogel_Tanz.\" alt=\"\" \/><\/div><\/div><\/figure><\/a><!--end av-masonry entry--><a href=\"https:\/\/www.lauro-art.com\/wordpress\/wp-content\/uploads\/2016\/07\/RL_7_Feuervogel_Des_F.jpg\" id='av-masonry-1-item-821' data-av-masonry-item='821' class='av-masonry-entry isotope-item post-821 attachment type-attachment status-inherit hentry  av-masonry-item-with-image' title=\"Des Feuervogels flehen, 2009, 40 x 40 cm \"  itemprop=\"contentURL\" ><div class='av-inner-masonry-sizer'><\/div><figure class='av-inner-masonry main_color'><div class=\"av-masonry-outerimage-container\"><div class=\"av-masonry-image-container\" style=\"background-image: url(https:\/\/www.lauro-art.com\/wordpress\/wp-content\/uploads\/2016\/07\/RL_7_Feuervogel_Des_F-705x705.jpg);\"><img src=\"https:\/\/www.lauro-art.com\/wordpress\/wp-content\/uploads\/2016\/07\/RL_7_Feuervogel_Des_F-705x705.jpg\" title=\"Roberto_Lauro_7_Feuervogel_Des_F\" alt=\"\" \/><\/div><\/div><\/figure><\/a><!--end av-masonry entry--><a href=\"https:\/\/www.lauro-art.com\/wordpress\/wp-content\/uploads\/2016\/07\/RL_8-Feuervogel-Spiel...jpg\" id='av-masonry-1-item-822' data-av-masonry-item='822' class='av-masonry-entry isotope-item post-822 attachment type-attachment status-inherit hentry  av-masonry-item-with-image' title=\"Spiel der Prinzessinnen mit den goldenen \u00c4pfeln, 2009, 40 x 40 cm \"  itemprop=\"contentURL\" ><div class='av-inner-masonry-sizer'><\/div><figure class='av-inner-masonry main_color'><div class=\"av-masonry-outerimage-container\"><div class=\"av-masonry-image-container\" style=\"background-image: url(https:\/\/www.lauro-art.com\/wordpress\/wp-content\/uploads\/2016\/07\/RL_8-Feuervogel-Spiel..-705x705.jpg);\"><img src=\"https:\/\/www.lauro-art.com\/wordpress\/wp-content\/uploads\/2016\/07\/RL_8-Feuervogel-Spiel..-705x705.jpg\" title=\"Roberto_Lauro_8-Feuervogel-Spiel..\" alt=\"\" \/><\/div><\/div><\/figure><\/a><!--end av-masonry entry--><a href=\"https:\/\/www.lauro-art.com\/wordpress\/wp-content\/uploads\/2016\/07\/RL_9-Feuervogel-Reigen.jpg\" id='av-masonry-1-item-823' data-av-masonry-item='823' class='av-masonry-entry isotope-item post-823 attachment type-attachment status-inherit hentry  av-masonry-item-with-image' title=\"Reigen der Prinzessinnen, 2009, 40 x 40 cm \"  itemprop=\"contentURL\" ><div class='av-inner-masonry-sizer'><\/div><figure class='av-inner-masonry main_color'><div class=\"av-masonry-outerimage-container\"><div class=\"av-masonry-image-container\" style=\"background-image: url(https:\/\/www.lauro-art.com\/wordpress\/wp-content\/uploads\/2016\/07\/RL_9-Feuervogel-Reigen-699x705.jpg);\"><img src=\"https:\/\/www.lauro-art.com\/wordpress\/wp-content\/uploads\/2016\/07\/RL_9-Feuervogel-Reigen-699x705.jpg\" title=\"Roberto_Lauro_9-Feuervogel-Reigen\" alt=\"\" \/><\/div><\/div><\/figure><\/a><!--end av-masonry entry--><a href=\"https:\/\/www.lauro-art.com\/wordpress\/wp-content\/uploads\/2016\/07\/RL_10-Feuervogel-Hoellentanz-aller-untertanen-kastscheis.jpg\" id='av-masonry-1-item-824' data-av-masonry-item='824' class='av-masonry-entry isotope-item post-824 attachment type-attachment status-inherit hentry  av-masonry-item-with-image' title=\"H\u00f6llentanz aller Untertanen Kastscheis, 2009, 40 x 40 cm\"  itemprop=\"contentURL\" ><div class='av-inner-masonry-sizer'><\/div><figure class='av-inner-masonry main_color'><div class=\"av-masonry-outerimage-container\"><div class=\"av-masonry-image-container\" style=\"background-image: url(https:\/\/www.lauro-art.com\/wordpress\/wp-content\/uploads\/2016\/07\/RL_10-Feuervogel-Hoellentanz-aller-untertanen-kastscheis-701x705.jpg);\"><img src=\"https:\/\/www.lauro-art.com\/wordpress\/wp-content\/uploads\/2016\/07\/RL_10-Feuervogel-Hoellentanz-aller-untertanen-kastscheis-701x705.jpg\" title=\"RL_10-Feuervogel-Hoellentanz-aller-untertanen-kastscheis\" alt=\"\" \/><\/div><\/div><\/figure><\/a><!--end av-masonry entry--><\/div><\/div><\/div>\n<div class=\"flex_column av_one_half  flex_column_div av-zero-column-padding   \" style='border-radius:0px; '><p><div style='padding-bottom:10px;' class='av-special-heading av-special-heading-h3    '><h3 class='av-special-heading-tag'  itemprop=\"headline\"  >Feuervogel <\/h3><div class='special-heading-border'><div class='special-heading-inner-border' ><\/div><\/div><\/div><br \/>\n<section class=\"av_textblock_section\"  itemscope=\"itemscope\" itemtype=\"https:\/\/schema.org\/CreativeWork\" ><div class='avia_textblock '   itemprop=\"text\" ><p>Das Buch (40 x 40 cm) basiert auf der Feuervogelkomposition von Igor Strawinsky. Die f\u00fcnf Themenbilder sind in zehn Linolschnitten dargestellt: F\u00fcnf Schwarzweissdrucke bilden die Ouvert\u00fcre und f\u00fcnf Drucke in vier bis f\u00fcnf Farben beschreiben die M\u00e4rchengeschichte des geheimnisvollen Vogels und die Befreiung der verwunschenen<\/p>\n<p>Prinzessinnen aus der Gewalt des d\u00e4monischen Zauberers Kastschei. Die handgeschriebene M\u00e4rchengeschichte begleitet die Grafiken. Jedes Blatt ist lose im Buch eingelegt und kann in einen Bilderrahmen \u00fcbertragen werden. Das Buch beinhaltet neben der Beschreibung der Urauff\u00fchrung des Ballets Russes 1910 in Paris auch einen Text \u00fcber K\u00fcnstler, die sich in ihren Arbeiten intensiv mit Musik auseinandersetzten.<\/p>\n<p>Auflage 150 nummerierte und signierte B\u00fccher. Die ersten dreissig B\u00fccher befinden sich in einer exklusiven Glas-Metall-Kassette.<\/p>\n<p>Selbstverlag.\u00a0Lieferung nach Anfrage.<\/p>\n<\/div><\/section><br \/>\n<div  class='hr hr-default '><span class='hr-inner ' ><span class='hr-inner-style'><\/span><\/span><\/div><\/p><\/div>\n","protected":false},"excerpt":{"rendered":"","protected":false},"author":1,"featured_media":0,"parent":0,"menu_order":0,"comment_status":"closed","ping_status":"closed","template":"","meta":[],"_links":{"self":[{"href":"https:\/\/www.lauro-art.com\/wordpress\/wp-json\/wp\/v2\/pages\/680"}],"collection":[{"href":"https:\/\/www.lauro-art.com\/wordpress\/wp-json\/wp\/v2\/pages"}],"about":[{"href":"https:\/\/www.lauro-art.com\/wordpress\/wp-json\/wp\/v2\/types\/page"}],"author":[{"embeddable":true,"href":"https:\/\/www.lauro-art.com\/wordpress\/wp-json\/wp\/v2\/users\/1"}],"replies":[{"embeddable":true,"href":"https:\/\/www.lauro-art.com\/wordpress\/wp-json\/wp\/v2\/comments?post=680"}],"version-history":[{"count":14,"href":"https:\/\/www.lauro-art.com\/wordpress\/wp-json\/wp\/v2\/pages\/680\/revisions"}],"predecessor-version":[{"id":1318,"href":"https:\/\/www.lauro-art.com\/wordpress\/wp-json\/wp\/v2\/pages\/680\/revisions\/1318"}],"wp:attachment":[{"href":"https:\/\/www.lauro-art.com\/wordpress\/wp-json\/wp\/v2\/media?parent=680"}],"curies":[{"name":"wp","href":"https:\/\/api.w.org\/{rel}","templated":true}]}}