{"id":683,"date":"2016-07-28T10:45:43","date_gmt":"2016-07-28T10:45:43","guid":{"rendered":"http:\/\/www.lauro-art.ch\/wordpress\/?page_id=683"},"modified":"2016-09-29T13:28:19","modified_gmt":"2016-09-29T13:28:19","slug":"roberto-lauro-farbpoesie-im-jahreszyklus","status":"publish","type":"page","link":"https:\/\/www.lauro-art.com\/wordpress\/roberto-lauro-farbpoesie-im-jahreszyklus\/","title":{"rendered":"Farbpoesie im Jahreszyklus"},"content":{"rendered":"<\/div><\/div><\/div><!-- close content main div --><\/div><\/div><div id='full_slider_1' class='avia-fullwidth-slider main_color avia-shadow  container_wrap fullsize'   ><div  data-size='featured'  data-lightbox_size='large'  data-animation='slide'  data-ids='1309,1307,1308'  data-video_counter='0'  data-autoplay='true'  data-bg_slider='false'  data-slide_height=''  data-handle='av_slideshow_full'  data-interval='5'  data-class=' '  data-css_id=''  data-scroll_down=''  data-control_layout='av-control-default'  data-custom_markup=''  data-perma_caption=''  data-autoplay_stopper='1'  data-src=''  data-position='top left'  data-repeat='no-repeat'  data-attach='scroll'  data-stretch=''  data-default-height='28.666666666667'  class='avia-slideshow avia-slideshow-1  av-control-default av-default-height-applied avia-slideshow-featured av_slideshow_full   avia-slide-slider '  itemscope=\"itemscope\" itemtype=\"https:\/\/schema.org\/ImageObject\" ><ul class='avia-slideshow-inner' style='padding-bottom: 28.666666666667%;'><li  class=' slide-1 ' ><div data-rel='slideshow-1' class='avia-slide-wrap'  ><img src='https:\/\/www.lauro-art.com\/wordpress\/wp-content\/uploads\/2016\/09\/RL_Farbpoesie_im_Jahreszyklus_slider_2_1-1500x430.jpg' width='1500' height='430' title='RL_Farbpoesie_im_Jahreszyklus_slider_2_1' alt=''  itemprop=\"contentURL\"  \/><\/div><\/li><li  class=' slide-2 ' ><div data-rel='slideshow-1' class='avia-slide-wrap'  ><img src='https:\/\/www.lauro-art.com\/wordpress\/wp-content\/uploads\/2016\/09\/RL_Farbpoesie_im_Jahreszyklus_Januar_slider_1-1500x430.jpg' width='1500' height='430' title='RL_Farbpoesie_im_Jahreszyklus_Januar_slider_1' alt=''  itemprop=\"contentURL\"  \/><\/div><\/li><li  class=' slide-3 ' ><div data-rel='slideshow-1' class='avia-slide-wrap'  ><img src='https:\/\/www.lauro-art.com\/wordpress\/wp-content\/uploads\/2016\/09\/RL_Farbpoesie_im_Jahreszyklus_Juli_slider_1-1500x430.jpg' width='1500' height='430' title='RL_Farbpoesie_im_Jahreszyklus_Juli_slider_1' alt=''  itemprop=\"contentURL\"  \/><\/div><\/li><\/ul><div class='avia-slideshow-arrows avia-slideshow-controls'><a href='#prev' class='prev-slide' aria-hidden='true' data-av_icon='\ue87c' data-av_iconfont='entypo-fontello'>Zur\u00fcck<\/a><a href='#next' class='next-slide' aria-hidden='true' data-av_icon='\ue87d' data-av_iconfont='entypo-fontello'>Weiter<\/a><\/div><div class='avia-slideshow-dots avia-slideshow-controls'><a href='#1' class='goto-slide active' >1<\/a><a href='#2' class='goto-slide ' >2<\/a><a href='#3' class='goto-slide ' >3<\/a><\/div><\/div><\/div>\n<div class=\"flex_column av_one_half  flex_column_div av-zero-column-padding first  \" style='border-radius:0px; '><div id='av-masonry-1' class='av-masonry noHover av-flex-size av-large-gap av-hover-overlay-active av-masonry-col-flexible av-caption-on-hover av-caption-style-overlay av-masonry-gallery  '  ><div class='av-masonry-container isotope av-js-disabled ' ><div class='av-masonry-entry isotope-item av-masonry-item-no-image '><\/div><a href=\"https:\/\/www.lauro-art.com\/wordpress\/wp-content\/uploads\/2016\/07\/Farbpoesie-im-Jahrzyklus_januar.jpg\" id='av-masonry-1-item-747' data-av-masonry-item='747' class='av-masonry-entry isotope-item post-747 attachment type-attachment status-inherit hentry  av-masonry-item-with-image' title=\"JANUAR - Das Jahr beginnt in klirrenden Blau- und Violett-T\u00f6nen. Der Winter und seine K\u00e4lte verhalten sich abweisend. So pr\u00e4sentiert sich der Januar in unnahbarer Sch\u00f6nheit.\"  itemprop=\"contentURL\" ><div class='av-inner-masonry-sizer'><\/div><figure class='av-inner-masonry main_color'><div class=\"av-masonry-outerimage-container\"><div class=\"av-masonry-image-container\" style=\"background-image: url(https:\/\/www.lauro-art.com\/wordpress\/wp-content\/uploads\/2016\/07\/Farbpoesie-im-Jahrzyklus_januar.jpg);\"><img src=\"https:\/\/www.lauro-art.com\/wordpress\/wp-content\/uploads\/2016\/07\/Farbpoesie-im-Jahrzyklus_januar.jpg\" title=\"Farbpoesie im Jahrzyklus_januar\" alt=\"\" \/><\/div><\/div><figcaption class='av-inner-masonry-content site-background'><div class='av-inner-masonry-content-pos'><div class='av-inner-masonry-content-pos-content'><div class='avia-arrow'><\/div><div class='av-masonry-entry-content entry-content'  itemprop=\"text\" >JANUAR - Das Jahr beginnt in klirrenden Blau- und Violett-T\u00f6nen. Der Winter und seine K\u00e4lte verhalten sich abweisend. So pr\u00e4sentiert sich der Januar in unnahbarer Sch\u00f6nheit.<\/div><\/div><\/div><\/figcaption><\/figure><\/a><!--end av-masonry entry--><a href=\"https:\/\/www.lauro-art.com\/wordpress\/wp-content\/uploads\/2016\/07\/Farbpoesie-im-Jahrzyklu_april.jpg\" id='av-masonry-1-item-746' data-av-masonry-item='746' class='av-masonry-entry isotope-item post-746 attachment type-attachment status-inherit hentry  av-masonry-item-with-image' title=\"APRIL - Hier tanzen die Linien, sind unberechenbar, k\u00fchl und schrill, aber auch fr\u00f6hlich und \u00fcberm\u00fctig. Alles ger\u00e4t in Bewegung. Die Bl\u00e4tter sind nicht mehr aufzuhalten.\"  itemprop=\"contentURL\" ><div class='av-inner-masonry-sizer'><\/div><figure class='av-inner-masonry main_color'><div class=\"av-masonry-outerimage-container\"><div class=\"av-masonry-image-container\" style=\"background-image: url(https:\/\/www.lauro-art.com\/wordpress\/wp-content\/uploads\/2016\/07\/Farbpoesie-im-Jahrzyklu_april.jpg);\"><img src=\"https:\/\/www.lauro-art.com\/wordpress\/wp-content\/uploads\/2016\/07\/Farbpoesie-im-Jahrzyklu_april.jpg\" title=\"Farbpoesie im Jahrzyklu_april\" alt=\"\" \/><\/div><\/div><figcaption class='av-inner-masonry-content site-background'><div class='av-inner-masonry-content-pos'><div class='av-inner-masonry-content-pos-content'><div class='avia-arrow'><\/div><div class='av-masonry-entry-content entry-content'  itemprop=\"text\" >APRIL - Hier tanzen die Linien, sind unberechenbar, k\u00fchl und schrill, aber auch fr\u00f6hlich und \u00fcberm\u00fctig. Alles ger\u00e4t in Bewegung. Die Bl\u00e4tter sind nicht mehr aufzuhalten.<\/div><\/div><\/div><\/figcaption><\/figure><\/a><!--end av-masonry entry--><a href=\"https:\/\/www.lauro-art.com\/wordpress\/wp-content\/uploads\/2016\/07\/Farbpoesie-im-Jahrzyklus_juli.jpg\" id='av-masonry-1-item-745' data-av-masonry-item='745' class='av-masonry-entry isotope-item post-745 attachment type-attachment status-inherit hentry  av-masonry-item-with-image' title=\"JULI - Jetzt zieht der Sommer alle Register.Der Juli scheut sich nicht, Extreme an den Tag zu legen und kompromisslos zu sein. Grelles Licht konkurriert mit harten Schatten.\"  itemprop=\"contentURL\" ><div class='av-inner-masonry-sizer'><\/div><figure class='av-inner-masonry main_color'><div class=\"av-masonry-outerimage-container\"><div class=\"av-masonry-image-container\" style=\"background-image: url(https:\/\/www.lauro-art.com\/wordpress\/wp-content\/uploads\/2016\/07\/Farbpoesie-im-Jahrzyklus_juli.jpg);\"><img src=\"https:\/\/www.lauro-art.com\/wordpress\/wp-content\/uploads\/2016\/07\/Farbpoesie-im-Jahrzyklus_juli.jpg\" title=\"Farbpoesie im Jahrzyklus_juli\" alt=\"\" \/><\/div><\/div><figcaption class='av-inner-masonry-content site-background'><div class='av-inner-masonry-content-pos'><div class='av-inner-masonry-content-pos-content'><div class='avia-arrow'><\/div><div class='av-masonry-entry-content entry-content'  itemprop=\"text\" >JULI - Jetzt zieht der Sommer alle Register.Der Juli scheut sich nicht, Extreme an den Tag zu legen und kompromisslos zu sein. Grelles Licht konkurriert mit harten Schatten.<\/div><\/div><\/div><\/figcaption><\/figure><\/a><!--end av-masonry entry--><\/div><\/div><\/div>\n<div class=\"flex_column av_one_half  flex_column_div av-zero-column-padding   \" style='border-radius:0px; '><p><div style='padding-bottom:10px;' class='av-special-heading av-special-heading-h3    '><h3 class='av-special-heading-tag'  itemprop=\"headline\"  >Farbpoesie im Jahreszyklus<\/h3><div class='special-heading-border'><div class='special-heading-inner-border' ><\/div><\/div><\/div><br \/>\n<section class=\"av_textblock_section\"  itemscope=\"itemscope\" itemtype=\"https:\/\/schema.org\/CreativeWork\" ><div class='avia_textblock '   itemprop=\"text\" ><p>Jedes Blatt steht in seiner Farbe- und Formsymbolik f\u00fcr je einen Monat, ist lose in das Buch eingelegt und kann in einen Wechselrahmen \u00fcbertragen werden. Die Monatsbl\u00e4tter begleiten im Buch handgeschriebene Ausz\u00fcge aus meinen Tageb\u00fcchern. Den Einf\u00fchrungstext verfasste Dr. Yolanda del Pozo, im Anhang steht das curriculum vitae. Das leinengebundene, handgearbeitete Buch ist 39,5 x 40 x 3 cm gross und erscheint in einer Auflage von 100 Exemplaren. Alle Bl\u00e4tter und B\u00fccher sind einzeln nummeriert und signiert.<br \/>\nSprache:\u00a0Deutsch und Englisch.<\/p>\n<p>Selbstverlag.\u00a0Lieferung nach Anfrage.<\/p>\n<\/div><\/section><br \/>\n<div  class='hr hr-default '><span class='hr-inner ' ><span class='hr-inner-style'><\/span><\/span><\/div><\/p><\/div>\n","protected":false},"excerpt":{"rendered":"","protected":false},"author":1,"featured_media":0,"parent":0,"menu_order":0,"comment_status":"closed","ping_status":"closed","template":"","meta":[],"_links":{"self":[{"href":"https:\/\/www.lauro-art.com\/wordpress\/wp-json\/wp\/v2\/pages\/683"}],"collection":[{"href":"https:\/\/www.lauro-art.com\/wordpress\/wp-json\/wp\/v2\/pages"}],"about":[{"href":"https:\/\/www.lauro-art.com\/wordpress\/wp-json\/wp\/v2\/types\/page"}],"author":[{"embeddable":true,"href":"https:\/\/www.lauro-art.com\/wordpress\/wp-json\/wp\/v2\/users\/1"}],"replies":[{"embeddable":true,"href":"https:\/\/www.lauro-art.com\/wordpress\/wp-json\/wp\/v2\/comments?post=683"}],"version-history":[{"count":11,"href":"https:\/\/www.lauro-art.com\/wordpress\/wp-json\/wp\/v2\/pages\/683\/revisions"}],"predecessor-version":[{"id":1313,"href":"https:\/\/www.lauro-art.com\/wordpress\/wp-json\/wp\/v2\/pages\/683\/revisions\/1313"}],"wp:attachment":[{"href":"https:\/\/www.lauro-art.com\/wordpress\/wp-json\/wp\/v2\/media?parent=683"}],"curies":[{"name":"wp","href":"https:\/\/api.w.org\/{rel}","templated":true}]}}